{"id":8,"date":"2019-04-22T14:04:58","date_gmt":"2019-04-22T12:04:58","guid":{"rendered":"http:\/\/kasya.org\/wordpress\/?page_id=8"},"modified":"2026-02-26T21:47:26","modified_gmt":"2026-02-26T20:47:26","slug":"strona-glowna","status":"publish","type":"page","link":"https:\/\/kasya.org\/wordpress\/","title":{"rendered":"W drog\u0119&#8230;"},"content":{"rendered":"\n<h4 class=\"wp-block-heading\">kasya.org<\/h4>\n\n\n\n<blockquote class=\"wp-block-quote is-style-default is-layout-flow wp-block-quote-is-layout-flow\">\n<p class=\"has-small-font-size\" style=\"font-style:normal;font-weight:200\">&#8222;Przed wszystkimi podr\u00f3\u017cami: w Bieszczady, na Jukatan, do Patagonii, dooko\u0142a \u015bwiata, na biegun p\u00f3\u0142nocny, po\u0142udniowy, na Ksi\u0119\u017cyc, na Marsa, na Wenus, dok\u0105dkolwiek, przed wszystkimi tymi podr\u00f3\u017cami \u2013 jest jedna prawdziwa podr\u00f3\u017c i absolutna: w g\u0142\u0105b siebie.&#8221;<\/p>\n\n\n\n<p class=\"has-black-color has-text-color has-link-color has-small-font-size wp-elements-13cc04688b28f16438af3f22ffefed8b\" style=\"font-style:normal;font-weight:100\"><a href=\"https:\/\/pl.wikiquote.org\/wiki\/Edward_Stachura\"><strong>Edward Stachura<\/strong><\/a><strong>,&nbsp;<\/strong><em><a href=\"https:\/\/pl.wikiquote.org\/wiki\/Fabula_rasa\"><strong>Fabula rasa<\/strong><\/a><\/em><\/p>\n\n\n\n<figure class=\"wp-block-image size-large\"><img loading=\"lazy\" decoding=\"async\" width=\"1024\" height=\"614\" src=\"https:\/\/kasya.org\/wordpress\/wp-content\/uploads\/2021\/09\/cropped-DSC9118-1024x614.jpg\" alt=\"\" class=\"wp-image-689\" srcset=\"https:\/\/kasya.org\/wordpress\/wp-content\/uploads\/2021\/09\/cropped-DSC9118-1024x614.jpg 1024w, https:\/\/kasya.org\/wordpress\/wp-content\/uploads\/2021\/09\/cropped-DSC9118-300x180.jpg 300w, https:\/\/kasya.org\/wordpress\/wp-content\/uploads\/2021\/09\/cropped-DSC9118-768x460.jpg 768w, https:\/\/kasya.org\/wordpress\/wp-content\/uploads\/2021\/09\/cropped-DSC9118.jpg 2000w\" sizes=\"auto, (max-width: 1024px) 100vw, 1024px\" \/><\/figure>\n<\/blockquote>\n\n\n\n<figure class=\"wp-block-image\"><img loading=\"lazy\" decoding=\"async\" width=\"1024\" height=\"683\" src=\"https:\/\/kasya.org\/wordpress\/wp-content\/uploads\/2019\/08\/DSC_5288-1-1024x683.jpg\" alt=\"\" class=\"wp-image-657\" srcset=\"https:\/\/kasya.org\/wordpress\/wp-content\/uploads\/2019\/08\/DSC_5288-1-1024x683.jpg 1024w, https:\/\/kasya.org\/wordpress\/wp-content\/uploads\/2019\/08\/DSC_5288-1-300x200.jpg 300w, https:\/\/kasya.org\/wordpress\/wp-content\/uploads\/2019\/08\/DSC_5288-1-768x512.jpg 768w\" sizes=\"auto, (max-width: 1024px) 100vw, 1024px\" \/><\/figure>\n\n\n\n<figure class=\"wp-block-gallery has-nested-images columns-default is-cropped wp-block-gallery-1 is-layout-flex wp-block-gallery-is-layout-flex\">\n<figure class=\"wp-block-image\"><img loading=\"lazy\" decoding=\"async\" width=\"1024\" height=\"642\" data-id=\"39\" src=\"https:\/\/kasya.org\/wordpress\/wp-content\/uploads\/2019\/04\/DSC_3656-1-1024x642.jpg\" alt=\"\" class=\"wp-image-39\" srcset=\"https:\/\/kasya.org\/wordpress\/wp-content\/uploads\/2019\/04\/DSC_3656-1-1024x642.jpg 1024w, https:\/\/kasya.org\/wordpress\/wp-content\/uploads\/2019\/04\/DSC_3656-1-300x188.jpg 300w, https:\/\/kasya.org\/wordpress\/wp-content\/uploads\/2019\/04\/DSC_3656-1-768x482.jpg 768w, https:\/\/kasya.org\/wordpress\/wp-content\/uploads\/2019\/04\/DSC_3656-1.jpg 1500w\" sizes=\"auto, (max-width: 1024px) 100vw, 1024px\" \/><\/figure>\n\n\n\n<figure class=\"wp-block-image\"><img loading=\"lazy\" decoding=\"async\" width=\"683\" height=\"1024\" data-id=\"40\" src=\"https:\/\/kasya.org\/wordpress\/wp-content\/uploads\/2019\/04\/DSC_3700-1-683x1024.jpg\" alt=\"\" class=\"wp-image-40\" srcset=\"https:\/\/kasya.org\/wordpress\/wp-content\/uploads\/2019\/04\/DSC_3700-1-683x1024.jpg 683w, https:\/\/kasya.org\/wordpress\/wp-content\/uploads\/2019\/04\/DSC_3700-1-200x300.jpg 200w, https:\/\/kasya.org\/wordpress\/wp-content\/uploads\/2019\/04\/DSC_3700-1-768x1152.jpg 768w, https:\/\/kasya.org\/wordpress\/wp-content\/uploads\/2019\/04\/DSC_3700-1.jpg 1000w\" sizes=\"auto, (max-width: 683px) 100vw, 683px\" \/><\/figure>\n\n\n\n<figure class=\"wp-block-image\"><img loading=\"lazy\" decoding=\"async\" width=\"1024\" height=\"683\" data-id=\"41\" src=\"https:\/\/kasya.org\/wordpress\/wp-content\/uploads\/2019\/04\/DSC_3810-1-1024x683.jpg\" alt=\"\" class=\"wp-image-41\" srcset=\"https:\/\/kasya.org\/wordpress\/wp-content\/uploads\/2019\/04\/DSC_3810-1-1024x683.jpg 1024w, https:\/\/kasya.org\/wordpress\/wp-content\/uploads\/2019\/04\/DSC_3810-1-300x200.jpg 300w, https:\/\/kasya.org\/wordpress\/wp-content\/uploads\/2019\/04\/DSC_3810-1-768x512.jpg 768w, https:\/\/kasya.org\/wordpress\/wp-content\/uploads\/2019\/04\/DSC_3810-1.jpg 1500w\" sizes=\"auto, (max-width: 1024px) 100vw, 1024px\" \/><\/figure>\n<\/figure>\n\n\n\n<figure class=\"wp-block-image size-full\"><img loading=\"lazy\" decoding=\"async\" width=\"6000\" height=\"4000\" src=\"https:\/\/kasya.org\/wordpress\/wp-content\/uploads\/2023\/04\/DSC9241.jpg\" alt=\"\" class=\"wp-image-715\"\/><\/figure>\n","protected":false},"excerpt":{"rendered":"<p>kasya.org<\/p>\n","protected":false},"author":1,"featured_media":783,"parent":0,"menu_order":0,"comment_status":"closed","ping_status":"closed","template":"","meta":{"_vp_format_video_url":"","_vp_image_focal_point":[],"footnotes":""},"class_list":["post-8","page","type-page","status-publish","has-post-thumbnail","hentry"],"_links":{"self":[{"href":"https:\/\/kasya.org\/wordpress\/wp-json\/wp\/v2\/pages\/8","targetHints":{"allow":["GET"]}}],"collection":[{"href":"https:\/\/kasya.org\/wordpress\/wp-json\/wp\/v2\/pages"}],"about":[{"href":"https:\/\/kasya.org\/wordpress\/wp-json\/wp\/v2\/types\/page"}],"author":[{"embeddable":true,"href":"https:\/\/kasya.org\/wordpress\/wp-json\/wp\/v2\/users\/1"}],"replies":[{"embeddable":true,"href":"https:\/\/kasya.org\/wordpress\/wp-json\/wp\/v2\/comments?post=8"}],"version-history":[{"count":13,"href":"https:\/\/kasya.org\/wordpress\/wp-json\/wp\/v2\/pages\/8\/revisions"}],"predecessor-version":[{"id":805,"href":"https:\/\/kasya.org\/wordpress\/wp-json\/wp\/v2\/pages\/8\/revisions\/805"}],"wp:featuredmedia":[{"embeddable":true,"href":"https:\/\/kasya.org\/wordpress\/wp-json\/wp\/v2\/media\/783"}],"wp:attachment":[{"href":"https:\/\/kasya.org\/wordpress\/wp-json\/wp\/v2\/media?parent=8"}],"curies":[{"name":"wp","href":"https:\/\/api.w.org\/{rel}","templated":true}]}}